{"id":4885,"date":"2024-06-03T15:17:47","date_gmt":"2024-06-03T13:17:47","guid":{"rendered":"https:\/\/blog.dev.bamacgroup.com\/?page_id=4885"},"modified":"2025-04-30T10:29:57","modified_gmt":"2025-04-30T08:29:57","slug":"impressum","status":"publish","type":"page","link":"https:\/\/www.bamacgroup.com\/de\/impressum\/","title":{"rendered":"Impressum"},"content":{"rendered":"\n<h2 class=\"wp-block-heading\" id=\"h-urheberrecht\">Urheberrecht<\/h2>\n\n\n\n<p>Copyright 2025 BAMAC Group GmbH. Alle Rechte vorbehalten. Alle Inhalte (Texte, Bilder, Grafiken, Ton-, Video- und Animationsdateien sowie deren Anordnung u. a.) auf der Website der BAMAC Group GmbH unterliegen dem Schutz des Urheberrechts und anderer Schutzgesetze. Der Rechtsschutz gilt auch gegen\u00fcber Datenbanken und \u00e4hnlichen Einrichtungen. Die Inhalte sind nur f\u00fcr den bestimmungsgem\u00e4\u00dfen Abruf im Internet frei nutzbar. Die Inhalte dieser Website d\u00fcrfen au\u00dferhalb der Grenzen des Urheberrechts ohne schriftliche Genehmigung der BAMAC Group GmbH nicht in irgendeiner Form vervielf\u00e4ltigt, verbreitet, ver\u00e4ndert oder Dritten zug\u00e4nglich gemacht werden. Einige Bereiche der Website der BAMAC Group GmbH enthalten au\u00dferdem Bilder, die dem Copyright Dritter unterliegen. Soweit nicht anders angegeben, sind alle Markenzeichen auf der Website der BAMAC Group<strong>\u00a0<\/strong>GmbH\u00a0markenrechtlich gesch\u00fctzt.<\/p>\n\n\n\n<h2 class=\"wp-block-heading\" id=\"h-gewahrleistung\">Gew\u00e4hrleistung<\/h2>\n\n\n\n<p>Alle Angaben dieses Internetangebotes wurden sorgf\u00e4ltig gepr\u00fcft. Wir bem\u00fchen uns, dieses Informationsangebot stetig zu erweitern und zu aktualisieren. Eine Garantie f\u00fcr die Vollst\u00e4ndigkeit, Richtigkeit und letzte Aktualit\u00e4t kann jedoch nicht \u00fcbernommen werden. Die BAMAC Group GmbH stellt diese Informationen ohne jegliche Zusicherung oder Gew\u00e4hrleistung jedweder Art, sei sie ausdr\u00fccklich oder stillschweigend, zur Verf\u00fcgung. Die BAMAC Group GmbH schlie\u00dft jegliche Haftung f\u00fcr Sch\u00e4den, die direkt oder indirekt aus der Benutzung dieser Website entstehen, aus, soweit diese nicht auf Vorsatz oder grober Fahrl\u00e4ssigkeit von BAMAC Group GmbH beruhen.&nbsp;<\/p>\n\n\n\n<h2 class=\"wp-block-heading\" id=\"h-systemvoraussetzungen\">Systemvoraussetzungen<\/h2>\n\n\n\n<p>Diese Website wurde f\u00fcr Internet Explorer, Version 10 und 11 sowie Firefox 3.6 und 4 optimiert. Auch in den Browsern Internet Explorer 9, Opera 9+, Safari 9+ sowie Google Chrome wird die Website bedienbar sein. Das beste Ergebnis wird bei einer Bildschirmaufl\u00f6sung ab 1024 x 768 Pixel erreicht. Teile der Website erfordern zudem Adobe Flash Player 10. Aktiviertes JavaScript wird vorausgesetzt.&nbsp;<\/p>\n\n\n\n<h2 class=\"wp-block-heading\" id=\"h-redaktion\">Redaktion<\/h2>\n\n\n\n<p>BAMAC Group GmbH<br>Unternehmenskommunikation&nbsp;<\/p>\n\n\n\n<h3 class=\"wp-block-heading\" id=\"h-verantwortliche-juristische-person-nach-5-abs-1-nr-1-tmg-nbsp\">Verantwortliche juristische Person nach \u00a7 5 Abs. 1 Nr. 1 TMG &nbsp;<\/h3>\n\n\n\n<p>BAMAC Group GmbH<\/p>\n\n\n\n<p>Petersgarten 18 A<\/p>\n\n\n\n<p>D-53773 Hennef<\/p>\n\n\n\n<p>Fax: +49 2244 87844-45<br>E-Mail:&nbsp;<a href=\"mailto:info@bamacgroup.com\">info@bamacgroup.com<\/a><\/p>\n\n\n\n<p>Gesch\u00e4ftsf\u00fchrer: Dipl.-Math. J\u00fcrgen Bach<\/p>\n\n\n\n<p>Amtsgericht Siegburg HRB 10053 | Umsatzsteuer-Identifikationsnummer: DE 234 747 277<\/p>\n\n\n\n<p><strong>Das Impressum gilt auch f\u00fcr folgende Social Media Profile:<\/strong><\/p>\n\n\n\n<ul class=\"wp-block-list\">\n<li>LinkedIn: https:\/\/www.linkedin.com\/company\/bamac-group\/<\/li>\n\n\n\n<li>Xing: https:\/\/www.xing.com\/pages\/bamac-group-gmbh<\/li>\n\n\n\n<li>Facebook: https:\/\/www.facebook.com\/BAMACGroupGmbh<\/li>\n\n\n\n<li>Instagram: https:\/\/www.instagram.com\/bamacgroup\/<\/li>\n<\/ul>\n","protected":false},"excerpt":{"rendered":"<p>Urheberrecht Copyright 2025 BAMAC Group GmbH. Alle Rechte vorbehalten. Alle Inhalte (Texte, Bilder, Grafiken, Ton-, Video- und Animationsdateien sowie deren [&hellip;]<\/p>\n","protected":false},"author":12,"featured_media":7388,"parent":0,"menu_order":0,"comment_status":"closed","ping_status":"closed","template":"template-parts\/page-narrow.php","meta":{"footnotes":""},"tags":[],"class_list":["post-4885","page","type-page","status-publish","has-post-thumbnail","hentry"],"yoast_head":"<!-- This site is optimized with the Yoast SEO Premium plugin v26.0 (Yoast SEO v27.6) - https:\/\/yoast.com\/product\/yoast-seo-premium-wordpress\/ -->\n<title>Impressum - BAMAC Group | IT Value Growth<\/title>\n<meta name=\"description\" content=\"Impressum der BAMAC Group GmbH.\" \/>\n<meta name=\"robots\" content=\"index, follow, max-snippet:-1, max-image-preview:large, max-video-preview:-1\" \/>\n<link rel=\"canonical\" href=\"https:\/\/www.bamacgroup.com\/de\/impressum\/\" \/>\n<meta property=\"og:locale\" content=\"de_DE\" \/>\n<meta property=\"og:type\" content=\"article\" \/>\n<meta property=\"og:title\" content=\"Impressum\" \/>\n<meta property=\"og:description\" content=\"Impressum der BAMAC Group GmbH.\" \/>\n<meta property=\"og:url\" content=\"https:\/\/www.bamacgroup.com\/de\/impressum\/\" \/>\n<meta property=\"og:site_name\" content=\"BAMAC Group | IT Value Growth\" \/>\n<meta property=\"article:publisher\" content=\"https:\/\/www.facebook.com\/BAMACGroupGmbh\" \/>\n<meta property=\"article:modified_time\" content=\"2025-04-30T08:29:57+00:00\" \/>\n<meta property=\"og:image\" content=\"https:\/\/www.bamacgroup.com\/wp-content\/uploads\/bamac-group-compliance-daten-sicherheit.jpg\" \/>\n\t<meta property=\"og:image:width\" content=\"1500\" \/>\n\t<meta property=\"og:image:height\" content=\"1000\" \/>\n\t<meta property=\"og:image:type\" content=\"image\/jpeg\" \/>\n<meta name=\"twitter:card\" content=\"summary_large_image\" \/>\n<script type=\"application\/ld+json\" class=\"yoast-schema-graph\">{\"@context\":\"https:\\\/\\\/schema.org\",\"@graph\":[{\"@type\":\"WebPage\",\"@id\":\"https:\\\/\\\/www.bamacgroup.com\\\/de\\\/impressum\\\/\",\"url\":\"https:\\\/\\\/www.bamacgroup.com\\\/de\\\/impressum\\\/\",\"name\":\"Impressum - BAMAC Group | IT Value Growth\",\"isPartOf\":{\"@id\":\"https:\\\/\\\/www.bamacgroup.com\\\/de\\\/#website\"},\"primaryImageOfPage\":{\"@id\":\"https:\\\/\\\/www.bamacgroup.com\\\/de\\\/impressum\\\/#primaryimage\"},\"image\":{\"@id\":\"https:\\\/\\\/www.bamacgroup.com\\\/de\\\/impressum\\\/#primaryimage\"},\"thumbnailUrl\":\"https:\\\/\\\/www.bamacgroup.com\\\/wp-content\\\/uploads\\\/bamac-group-compliance-daten-sicherheit.jpg\",\"datePublished\":\"2024-06-03T13:17:47+00:00\",\"dateModified\":\"2025-04-30T08:29:57+00:00\",\"description\":\"Impressum der BAMAC Group GmbH.\",\"breadcrumb\":{\"@id\":\"https:\\\/\\\/www.bamacgroup.com\\\/de\\\/impressum\\\/#breadcrumb\"},\"inLanguage\":\"de\",\"potentialAction\":[{\"@type\":\"ReadAction\",\"target\":[\"https:\\\/\\\/www.bamacgroup.com\\\/de\\\/impressum\\\/\"]}]},{\"@type\":\"ImageObject\",\"inLanguage\":\"de\",\"@id\":\"https:\\\/\\\/www.bamacgroup.com\\\/de\\\/impressum\\\/#primaryimage\",\"url\":\"https:\\\/\\\/www.bamacgroup.com\\\/wp-content\\\/uploads\\\/bamac-group-compliance-daten-sicherheit.jpg\",\"contentUrl\":\"https:\\\/\\\/www.bamacgroup.com\\\/wp-content\\\/uploads\\\/bamac-group-compliance-daten-sicherheit.jpg\",\"width\":1500,\"height\":1000},{\"@type\":\"BreadcrumbList\",\"@id\":\"https:\\\/\\\/www.bamacgroup.com\\\/de\\\/impressum\\\/#breadcrumb\",\"itemListElement\":[{\"@type\":\"ListItem\",\"position\":1,\"name\":\"Startseite\",\"item\":\"https:\\\/\\\/www.bamacgroup.com\\\/de\\\/\"},{\"@type\":\"ListItem\",\"position\":2,\"name\":\"Impressum\"}]},{\"@type\":\"WebSite\",\"@id\":\"https:\\\/\\\/www.bamacgroup.com\\\/de\\\/#website\",\"url\":\"https:\\\/\\\/www.bamacgroup.com\\\/de\\\/\",\"name\":\"BAMAC Group | IT Value Growth\",\"description\":\"Ihr Management- und Technologieberater auf dem Weg zur digitalen Exzellenz!\",\"publisher\":{\"@id\":\"https:\\\/\\\/www.bamacgroup.com\\\/de\\\/#organization\"},\"alternateName\":\"BAMAC\",\"potentialAction\":[{\"@type\":\"SearchAction\",\"target\":{\"@type\":\"EntryPoint\",\"urlTemplate\":\"https:\\\/\\\/www.bamacgroup.com\\\/de\\\/?s={search_term_string}\"},\"query-input\":{\"@type\":\"PropertyValueSpecification\",\"valueRequired\":true,\"valueName\":\"search_term_string\"}}],\"inLanguage\":\"de\"},{\"@type\":\"Organization\",\"@id\":\"https:\\\/\\\/www.bamacgroup.com\\\/de\\\/#organization\",\"name\":\"BAMAC Group GmbH\",\"url\":\"https:\\\/\\\/www.bamacgroup.com\\\/de\\\/\",\"logo\":{\"@type\":\"ImageObject\",\"inLanguage\":\"de\",\"@id\":\"https:\\\/\\\/www.bamacgroup.com\\\/de\\\/#\\\/schema\\\/logo\\\/image\\\/\",\"url\":\"https:\\\/\\\/www.bamacgroup.com\\\/wp-content\\\/uploads\\\/Logo_LinkedIn_RGB.png\",\"contentUrl\":\"https:\\\/\\\/www.bamacgroup.com\\\/wp-content\\\/uploads\\\/Logo_LinkedIn_RGB.png\",\"width\":300,\"height\":300,\"caption\":\"BAMAC Group GmbH\"},\"image\":{\"@id\":\"https:\\\/\\\/www.bamacgroup.com\\\/de\\\/#\\\/schema\\\/logo\\\/image\\\/\"},\"sameAs\":[\"https:\\\/\\\/www.facebook.com\\\/BAMACGroupGmbh\",\"https:\\\/\\\/www.linkedin.com\\\/company\\\/bamac-group\\\/\",\"https:\\\/\\\/www.instagram.com\\\/bamacgroup\\\/\",\"https:\\\/\\\/www.xing.com\\\/pages\\\/bamac-group-gmbh\"],\"description\":\"Die BAMAC Group liefert als Beratungsunternehmen seit mehr als 27 Jahren verl\u00e4ssliche Antworten auf die Frage nach dem Wertbeitrag von Informationstechnologie. Mit der Idee, Leistungen in der Software-Entwicklung messbar und unter wirtschaftlichen Randbedingungen transparent zu machen, startete J\u00fcrgen W. Bach im Jahr 1995 seine Unternehmung als Freiberufler, die er nach ersten erfolgreichen Jahren im Jahr 2004 in eine GmbH \u00fcberf\u00fchrte. Heute, \u00fcber 25 Jahre sp\u00e4ter, bietet die BAMAC Group, gegliedert in sieben Business Units unter einem Dach, Leistungen zur Steigerung des Wertbeitrags an.\u202f\u202f\",\"email\":\"info@bamacgroup.com\",\"telephone\":\"+49 (0) 40 60 7733 950\",\"legalName\":\"BAMAC Group GmbH\",\"vatID\":\"DE 234 747 277\",\"numberOfEmployees\":{\"@type\":\"QuantitativeValue\",\"minValue\":\"11\",\"maxValue\":\"50\"}}]}<\/script>\n<!-- \/ Yoast SEO Premium plugin. -->","yoast_head_json":{"title":"Impressum - BAMAC Group | IT Value Growth","description":"Impressum der BAMAC Group GmbH.","robots":{"index":"index","follow":"follow","max-snippet":"max-snippet:-1","max-image-preview":"max-image-preview:large","max-video-preview":"max-video-preview:-1"},"canonical":"https:\/\/www.bamacgroup.com\/de\/impressum\/","og_locale":"de_DE","og_type":"article","og_title":"Impressum","og_description":"Impressum der BAMAC Group GmbH.","og_url":"https:\/\/www.bamacgroup.com\/de\/impressum\/","og_site_name":"BAMAC Group | IT Value Growth","article_publisher":"https:\/\/www.facebook.com\/BAMACGroupGmbh","article_modified_time":"2025-04-30T08:29:57+00:00","og_image":[{"width":1500,"height":1000,"url":"https:\/\/www.bamacgroup.com\/wp-content\/uploads\/bamac-group-compliance-daten-sicherheit.jpg","type":"image\/jpeg"}],"twitter_card":"summary_large_image","schema":{"@context":"https:\/\/schema.org","@graph":[{"@type":"WebPage","@id":"https:\/\/www.bamacgroup.com\/de\/impressum\/","url":"https:\/\/www.bamacgroup.com\/de\/impressum\/","name":"Impressum - BAMAC Group | IT Value Growth","isPartOf":{"@id":"https:\/\/www.bamacgroup.com\/de\/#website"},"primaryImageOfPage":{"@id":"https:\/\/www.bamacgroup.com\/de\/impressum\/#primaryimage"},"image":{"@id":"https:\/\/www.bamacgroup.com\/de\/impressum\/#primaryimage"},"thumbnailUrl":"https:\/\/www.bamacgroup.com\/wp-content\/uploads\/bamac-group-compliance-daten-sicherheit.jpg","datePublished":"2024-06-03T13:17:47+00:00","dateModified":"2025-04-30T08:29:57+00:00","description":"Impressum der BAMAC Group GmbH.","breadcrumb":{"@id":"https:\/\/www.bamacgroup.com\/de\/impressum\/#breadcrumb"},"inLanguage":"de","potentialAction":[{"@type":"ReadAction","target":["https:\/\/www.bamacgroup.com\/de\/impressum\/"]}]},{"@type":"ImageObject","inLanguage":"de","@id":"https:\/\/www.bamacgroup.com\/de\/impressum\/#primaryimage","url":"https:\/\/www.bamacgroup.com\/wp-content\/uploads\/bamac-group-compliance-daten-sicherheit.jpg","contentUrl":"https:\/\/www.bamacgroup.com\/wp-content\/uploads\/bamac-group-compliance-daten-sicherheit.jpg","width":1500,"height":1000},{"@type":"BreadcrumbList","@id":"https:\/\/www.bamacgroup.com\/de\/impressum\/#breadcrumb","itemListElement":[{"@type":"ListItem","position":1,"name":"Startseite","item":"https:\/\/www.bamacgroup.com\/de\/"},{"@type":"ListItem","position":2,"name":"Impressum"}]},{"@type":"WebSite","@id":"https:\/\/www.bamacgroup.com\/de\/#website","url":"https:\/\/www.bamacgroup.com\/de\/","name":"BAMAC Group | IT Value Growth","description":"Ihr Management- und Technologieberater auf dem Weg zur digitalen Exzellenz!","publisher":{"@id":"https:\/\/www.bamacgroup.com\/de\/#organization"},"alternateName":"BAMAC","potentialAction":[{"@type":"SearchAction","target":{"@type":"EntryPoint","urlTemplate":"https:\/\/www.bamacgroup.com\/de\/?s={search_term_string}"},"query-input":{"@type":"PropertyValueSpecification","valueRequired":true,"valueName":"search_term_string"}}],"inLanguage":"de"},{"@type":"Organization","@id":"https:\/\/www.bamacgroup.com\/de\/#organization","name":"BAMAC Group GmbH","url":"https:\/\/www.bamacgroup.com\/de\/","logo":{"@type":"ImageObject","inLanguage":"de","@id":"https:\/\/www.bamacgroup.com\/de\/#\/schema\/logo\/image\/","url":"https:\/\/www.bamacgroup.com\/wp-content\/uploads\/Logo_LinkedIn_RGB.png","contentUrl":"https:\/\/www.bamacgroup.com\/wp-content\/uploads\/Logo_LinkedIn_RGB.png","width":300,"height":300,"caption":"BAMAC Group GmbH"},"image":{"@id":"https:\/\/www.bamacgroup.com\/de\/#\/schema\/logo\/image\/"},"sameAs":["https:\/\/www.facebook.com\/BAMACGroupGmbh","https:\/\/www.linkedin.com\/company\/bamac-group\/","https:\/\/www.instagram.com\/bamacgroup\/","https:\/\/www.xing.com\/pages\/bamac-group-gmbh"],"description":"Die BAMAC Group liefert als Beratungsunternehmen seit mehr als 27 Jahren verl\u00e4ssliche Antworten auf die Frage nach dem Wertbeitrag von Informationstechnologie. Mit der Idee, Leistungen in der Software-Entwicklung messbar und unter wirtschaftlichen Randbedingungen transparent zu machen, startete J\u00fcrgen W. Bach im Jahr 1995 seine Unternehmung als Freiberufler, die er nach ersten erfolgreichen Jahren im Jahr 2004 in eine GmbH \u00fcberf\u00fchrte. Heute, \u00fcber 25 Jahre sp\u00e4ter, bietet die BAMAC Group, gegliedert in sieben Business Units unter einem Dach, Leistungen zur Steigerung des Wertbeitrags an.\u202f\u202f","email":"info@bamacgroup.com","telephone":"+49 (0) 40 60 7733 950","legalName":"BAMAC Group GmbH","vatID":"DE 234 747 277","numberOfEmployees":{"@type":"QuantitativeValue","minValue":"11","maxValue":"50"}}]}},"_links":{"self":[{"href":"https:\/\/www.bamacgroup.com\/de\/wp-json\/wp\/v2\/pages\/4885","targetHints":{"allow":["GET"]}}],"collection":[{"href":"https:\/\/www.bamacgroup.com\/de\/wp-json\/wp\/v2\/pages"}],"about":[{"href":"https:\/\/www.bamacgroup.com\/de\/wp-json\/wp\/v2\/types\/page"}],"author":[{"embeddable":true,"href":"https:\/\/www.bamacgroup.com\/de\/wp-json\/wp\/v2\/users\/12"}],"replies":[{"embeddable":true,"href":"https:\/\/www.bamacgroup.com\/de\/wp-json\/wp\/v2\/comments?post=4885"}],"version-history":[{"count":4,"href":"https:\/\/www.bamacgroup.com\/de\/wp-json\/wp\/v2\/pages\/4885\/revisions"}],"predecessor-version":[{"id":9729,"href":"https:\/\/www.bamacgroup.com\/de\/wp-json\/wp\/v2\/pages\/4885\/revisions\/9729"}],"wp:featuredmedia":[{"embeddable":true,"href":"https:\/\/www.bamacgroup.com\/de\/wp-json\/wp\/v2\/media\/7388"}],"wp:attachment":[{"href":"https:\/\/www.bamacgroup.com\/de\/wp-json\/wp\/v2\/media?parent=4885"}],"wp:term":[{"taxonomy":"post_tag","embeddable":true,"href":"https:\/\/www.bamacgroup.com\/de\/wp-json\/wp\/v2\/tags?post=4885"}],"curies":[{"name":"wp","href":"https:\/\/api.w.org\/{rel}","templated":true}]}}