{"id":8391,"date":"2024-12-18T11:39:53","date_gmt":"2024-12-18T10:39:53","guid":{"rendered":"https:\/\/www.bamacgroup.com\/?page_id=8391"},"modified":"2025-04-29T14:44:42","modified_gmt":"2025-04-29T12:44:42","slug":"webinare","status":"publish","type":"page","link":"https:\/\/www.bamacgroup.com\/de\/webinare\/","title":{"rendered":"BAMAC Webinare: Wissen tanken f\u00fcr die digitale Zukunft"},"content":{"rendered":"\n<p>Bleiben Sie am Puls der Zeit! Die BAMAC Webinare bieten Ihnen wertvolle Einblicke in aktuelle Trends und Herausforderungen der Digitalisierung. Erfahren Sie von unseren Experten, wie Sie IT-Strategien optimal gestalten, digitale Transformationsprozesse erfolgreich meistern und Ihr Unternehmen zukunftsf\u00e4hig aufstellen.<\/p>\n\n\n\n<p><strong>Melden Sie sich jetzt zu unseren anstehenden Webinaren an und sichern Sie sich Ihr Wissen aus erster Hand!<\/strong><\/p>\n\n\n\n<p>Sie haben ein Webinar verpasst? Kein Problem! Greifen Sie auf die Aufzeichnungen und Pr\u00e4sentationen unserer vergangenen Webinare zu und bleiben Sie informiert.<\/p>\n\n\n\n<h2 class=\"wp-block-heading\" id=\"h-anstehende-webinare\">Anstehende Webinare<\/h2>\n\n\n\n<p>In K\u00fcrze veranstalten wir wieder wertvolle Webinare zu den Themen Digitaler Wertbeitrag, Compliance, Sustainability und anderen strategisch wichtigen Themen f\u00fcr Ihre Branche. Abonnieren Sie unseren Newsletter, um zu den Ersten zu geh\u00f6ren, die \u00fcber neue Termine informiert werden.<\/p>\n\n\n\n<div class=\"wp-block-buttons\">\n<div class=\"wp-block-button\"><a class=\"wp-block-button__link wp-element-button\" href=\"https:\/\/news.bamacgroup.de\/de\/register\">Zum Newsletter anmelden<\/a><\/div>\n<\/div>\n\n\n\n<h2 class=\"wp-block-heading\" id=\"h-zuruckliegende-webinare\">Zur\u00fcckliegende Webinare<\/h2>\n\n\n\n<p>Erhalten Sie Zugriff auf s\u00e4mtliche bisher veranstalteten Webinare. Sie k\u00f6nnen die Aufzeichnungen ansehen und zus\u00e4tzlich die pr\u00e4sentierten Folien herunterladen. Hier finden Sie die Auflistung unserer Webinare:<\/p>\n\n\n\n<div class=\"wp-block-group alignwide\">\n<div class=\"wp-block-columns are-vertically-aligned-center block-one\">\n<div class=\"wp-block-column is-vertically-aligned-center block-one__image\">\n<figure class=\"wp-block-image size-large block-one\"><img loading=\"lazy\" decoding=\"async\" width=\"1024\" height=\"576\" src=\"https:\/\/www.bamacgroup.com\/wp-content\/uploads\/Webinar-IT-Wertbeitrag-thumbnail-1024x576.png\" alt=\"Ein Banner f\u00fcr das Webinar &quot;Ohne IT Wertbeitrag ist die IT ein Kostenproblem&quot;, auf dem der Titel und die beiden Speaker, J\u00fcrgen Bach und Dr. Malcolm Gammisch, gezeigt werden.\" class=\"wp-image-8392\" srcset=\"https:\/\/www.bamacgroup.com\/wp-content\/uploads\/Webinar-IT-Wertbeitrag-thumbnail-1024x576.png 1024w, https:\/\/www.bamacgroup.com\/wp-content\/uploads\/Webinar-IT-Wertbeitrag-thumbnail-300x169.png 300w, https:\/\/www.bamacgroup.com\/wp-content\/uploads\/Webinar-IT-Wertbeitrag-thumbnail.png 1600w\" sizes=\"auto, (max-width: 1024px) 100vw, 1024px\" \/><\/figure>\n<\/div>\n\n\n\n<div class=\"wp-block-column is-vertically-aligned-center block-one__text\">\n<h3 class=\"wp-block-heading\" id=\"h-ohne-it-wertbeitrag-ist-die-it-ein-kostenproblem\">Ohne IT Wertbeitrag ist die IT ein Kostenproblem<\/h3>\n\n\n\n<p><strong>So wird Ihre IT vom Cost-Center zum Werttreiber<\/strong> (aus 11\/24)<\/p>\n\n\n\n<p>Traditionell war die IT in vielen Unternehmen als Cost-Center organisiert \u2013 ein Bereich, der in erster Linie Infrastruktur bereitgestellt und den operativen Betrieb sichergestellt hat. Doch im Zuge&nbsp;<strong>digitaler Transformation<\/strong>&nbsp;und rasantem&nbsp;<strong>technologischen Wandel<\/strong> reicht diese Rolle l\u00e4ngst nicht mehr aus. Wenn der&nbsp;<strong>Wertbeitrag der IT<\/strong>&nbsp;nicht klar erkennbar ist, ist die IT vor allem eins: ein Kostenfaktor, der Budgets verschlingt und schwer zu rechtfertigen ist. Und genau hier liegt das Risiko f\u00fcr IT-F\u00fchrungskr\u00e4fte: Die&nbsp;<strong>IT<\/strong>&nbsp;wird nicht&nbsp;<strong>als strategischer Partner<\/strong>&nbsp;wahrgenommen, sondern als Kostenproblem.<\/p>\n\n\n\n<p>In diesem Webinar werfen wir einen kritischen Blick auf die aktuelle Situation und diskutieren, warum und wie Unternehmen ihre IT von einem Cost-Center zu einem&nbsp;<strong>echten Werttreiber&nbsp;<\/strong>weiterentwickeln k\u00f6nnen. Wir zeigen&nbsp;<strong>praxisnahe Ans\u00e4tze<\/strong>, um den strategischen&nbsp;<strong>Wert der IT messbar<\/strong>&nbsp;zu machen und die IT als&nbsp;<strong>zentralen Partner f\u00fcr den Gesch\u00e4ftserfolg<\/strong>&nbsp;zu positionieren.<\/p>\n\n\n\n<div class=\"wp-block-buttons\">\n<div class=\"wp-block-button\"><a class=\"wp-block-button__link wp-element-button\" href=\"https:\/\/www.bamacgroup.com\/de\/webinare\/webinar-ohne-it-wertbeitrag-ist-die-it-ein-kostenproblem\/\">Mehr erfahren<\/a><\/div>\n<\/div>\n<\/div>\n<\/div>\n<\/div>\n\n\n\n<div class=\"wp-block-group alignwide\">\n<div class=\"wp-block-columns are-vertically-aligned-center block-one\">\n<div class=\"wp-block-column is-vertically-aligned-center block-one__image\">\n<figure class=\"wp-block-image size-large block-one\"><img loading=\"lazy\" decoding=\"async\" width=\"1024\" height=\"576\" src=\"https:\/\/www.bamacgroup.com\/wp-content\/uploads\/webinar-Compliance-Sustainability-1600x900-1-1024x576.png\" alt=\"\" class=\"wp-image-8400\" srcset=\"https:\/\/www.bamacgroup.com\/wp-content\/uploads\/webinar-Compliance-Sustainability-1600x900-1-1024x576.png 1024w, https:\/\/www.bamacgroup.com\/wp-content\/uploads\/webinar-Compliance-Sustainability-1600x900-1-300x169.png 300w, https:\/\/www.bamacgroup.com\/wp-content\/uploads\/webinar-Compliance-Sustainability-1600x900-1.png 1600w\" sizes=\"auto, (max-width: 1024px) 100vw, 1024px\" \/><\/figure>\n<\/div>\n\n\n\n<div class=\"wp-block-column is-vertically-aligned-center block-one__text\">\n<h3 class=\"wp-block-heading\" id=\"h-werttreiber-compliance-amp-sustainability-so-wird-ihr-geschaftsmodell-zukunftssicher\">Werttreiber Compliance &amp; Sustainability: So wird ihr Gesch\u00e4ftsmodell zukunftssicher<\/h3>\n\n\n\n<p><strong>Datum: 15.01.25<\/strong><\/p>\n\n\n\n<p>In diesem Webinar zeigen wir Ihnen, wie Sie Sustainability nicht nur als Pflicht\u00fcbung betrachten, sondern als echten <strong>Werttreiber<\/strong> nutzen k\u00f6nnen. Unsere Ans\u00e4tze setzen auf <strong>wertorientierte Umsetzungen<\/strong>, die <strong>Substanz<\/strong> und <strong>Wettbewerbsvorteile<\/strong> schaffen \u2013 fernab von rein b\u00fcrokratischen Ans\u00e4tzen. Erfahren Sie, wie Nachhaltigkeit und Compliance direkt <strong>zum Unternehmensgewinn beitragen<\/strong> und wie Sie mit strategischer Weitsicht <strong>nachhaltige Prozesse<\/strong> schaffen, die Ihrem Gesch\u00e4ftsmodell <strong>Stabilit\u00e4t und Wachstumspotenzial<\/strong> geben.<\/p>\n\n\n\n<p>In diesem Webinar werfen wir einen kritischen Blick auf die aktuelle Situation und diskutieren, warum und wie Unternehmen ihre IT von einem Cost-Center zu einem&nbsp;<strong>echten Werttreiber&nbsp;<\/strong>weiterentwickeln k\u00f6nnen. Wir zeigen&nbsp;<strong>praxisnahe Ans\u00e4tze<\/strong>, um den strategischen&nbsp;<strong>Wert der IT messbar<\/strong>&nbsp;zu machen und die IT als&nbsp;<strong>zentralen Partner f\u00fcr den Gesch\u00e4ftserfolg<\/strong>&nbsp;zu positionieren.<\/p>\n\n\n\n<div class=\"wp-block-buttons\">\n<div class=\"wp-block-button\"><a class=\"wp-block-button__link wp-element-button\" href=\"https:\/\/www.bamacgroup.com\/de\/webinare\/webinar-werttreiber-compliance-sustainability\/\">Mehr erfahren<\/a><\/div>\n<\/div>\n<\/div>\n<\/div>\n<\/div>\n","protected":false},"excerpt":{"rendered":"<p>Bleiben Sie am Puls der Zeit! Die BAMAC Webinare bieten Ihnen wertvolle Einblicke in aktuelle Trends und Herausforderungen der Digitalisierung. [&hellip;]<\/p>\n","protected":false},"author":12,"featured_media":8298,"parent":0,"menu_order":0,"comment_status":"closed","ping_status":"closed","template":"template-parts\/page-narrow.php","meta":{"footnotes":""},"tags":[],"class_list":["post-8391","page","type-page","status-publish","has-post-thumbnail","hentry"],"yoast_head":"<!-- This site is optimized with the Yoast SEO Premium plugin v26.0 (Yoast SEO v27.6) - https:\/\/yoast.com\/product\/yoast-seo-premium-wordpress\/ -->\n<title>BAMAC Webinare: Wissen tanken f\u00fcr die digitale Zukunft - BAMAC Group | IT Value Growth<\/title>\n<meta name=\"description\" content=\"Bereiten Sie sich auf die digitale Zukunft vor mit unseren Webinaren zu IT Strategie, Digitaler Transformation und anderen Themen.\" \/>\n<meta name=\"robots\" content=\"index, follow, max-snippet:-1, max-image-preview:large, max-video-preview:-1\" \/>\n<link rel=\"canonical\" href=\"https:\/\/www.bamacgroup.com\/de\/webinare\/\" \/>\n<meta property=\"og:locale\" content=\"de_DE\" \/>\n<meta property=\"og:type\" content=\"article\" \/>\n<meta property=\"og:title\" content=\"BAMAC Webinare: Wissen tanken f\u00fcr die digitale Zukunft\" \/>\n<meta property=\"og:description\" content=\"Bereiten Sie sich auf die digitale Zukunft vor mit unseren Webinaren zu IT Strategie, Digitaler Transformation und anderen Themen.\" \/>\n<meta property=\"og:url\" content=\"https:\/\/www.bamacgroup.com\/de\/webinare\/\" \/>\n<meta property=\"og:site_name\" content=\"BAMAC Group | IT Value Growth\" \/>\n<meta property=\"article:publisher\" content=\"https:\/\/www.facebook.com\/BAMACGroupGmbh\" \/>\n<meta property=\"article:modified_time\" content=\"2025-04-29T12:44:42+00:00\" \/>\n<meta property=\"og:image\" content=\"https:\/\/www.bamacgroup.com\/wp-content\/uploads\/BAMAC-banken-finanzen-meeting-2.jpg\" \/>\n\t<meta property=\"og:image:width\" content=\"1500\" \/>\n\t<meta property=\"og:image:height\" content=\"1000\" \/>\n\t<meta property=\"og:image:type\" content=\"image\/jpeg\" \/>\n<meta name=\"twitter:card\" content=\"summary_large_image\" \/>\n<script type=\"application\/ld+json\" class=\"yoast-schema-graph\">{\"@context\":\"https:\\\/\\\/schema.org\",\"@graph\":[{\"@type\":\"WebPage\",\"@id\":\"https:\\\/\\\/www.bamacgroup.com\\\/de\\\/webinare\\\/\",\"url\":\"https:\\\/\\\/www.bamacgroup.com\\\/de\\\/webinare\\\/\",\"name\":\"BAMAC Webinare: Wissen tanken f\u00fcr die digitale Zukunft - BAMAC Group | IT Value Growth\",\"isPartOf\":{\"@id\":\"https:\\\/\\\/www.bamacgroup.com\\\/de\\\/#website\"},\"primaryImageOfPage\":{\"@id\":\"https:\\\/\\\/www.bamacgroup.com\\\/de\\\/webinare\\\/#primaryimage\"},\"image\":{\"@id\":\"https:\\\/\\\/www.bamacgroup.com\\\/de\\\/webinare\\\/#primaryimage\"},\"thumbnailUrl\":\"https:\\\/\\\/www.bamacgroup.com\\\/wp-content\\\/uploads\\\/BAMAC-banken-finanzen-meeting-2.jpg\",\"datePublished\":\"2024-12-18T10:39:53+00:00\",\"dateModified\":\"2025-04-29T12:44:42+00:00\",\"description\":\"Bereiten Sie sich auf die digitale Zukunft vor mit unseren Webinaren zu IT Strategie, Digitaler Transformation und anderen Themen.\",\"breadcrumb\":{\"@id\":\"https:\\\/\\\/www.bamacgroup.com\\\/de\\\/webinare\\\/#breadcrumb\"},\"inLanguage\":\"de\",\"potentialAction\":[{\"@type\":\"ReadAction\",\"target\":[\"https:\\\/\\\/www.bamacgroup.com\\\/de\\\/webinare\\\/\"]}]},{\"@type\":\"ImageObject\",\"inLanguage\":\"de\",\"@id\":\"https:\\\/\\\/www.bamacgroup.com\\\/de\\\/webinare\\\/#primaryimage\",\"url\":\"https:\\\/\\\/www.bamacgroup.com\\\/wp-content\\\/uploads\\\/BAMAC-banken-finanzen-meeting-2.jpg\",\"contentUrl\":\"https:\\\/\\\/www.bamacgroup.com\\\/wp-content\\\/uploads\\\/BAMAC-banken-finanzen-meeting-2.jpg\",\"width\":1500,\"height\":1000,\"caption\":\"Eine Frau h\u00e4lt einen Vortrag vor einem gro\u00dfen Bildschirm. Auf dem Bildschirm werden verschiedene Balkendiagramme angezeigt. EIne Person aus den Zuh\u00f6rern hebt die Hand um eine Frage zu stellen.\"},{\"@type\":\"BreadcrumbList\",\"@id\":\"https:\\\/\\\/www.bamacgroup.com\\\/de\\\/webinare\\\/#breadcrumb\",\"itemListElement\":[{\"@type\":\"ListItem\",\"position\":1,\"name\":\"Startseite\",\"item\":\"https:\\\/\\\/www.bamacgroup.com\\\/de\\\/\"},{\"@type\":\"ListItem\",\"position\":2,\"name\":\"BAMAC Webinare: Wissen tanken f\u00fcr die digitale Zukunft\"}]},{\"@type\":\"WebSite\",\"@id\":\"https:\\\/\\\/www.bamacgroup.com\\\/de\\\/#website\",\"url\":\"https:\\\/\\\/www.bamacgroup.com\\\/de\\\/\",\"name\":\"BAMAC Group | IT Value Growth\",\"description\":\"Ihr Management- und Technologieberater auf dem Weg zur digitalen Exzellenz!\",\"publisher\":{\"@id\":\"https:\\\/\\\/www.bamacgroup.com\\\/de\\\/#organization\"},\"alternateName\":\"BAMAC\",\"potentialAction\":[{\"@type\":\"SearchAction\",\"target\":{\"@type\":\"EntryPoint\",\"urlTemplate\":\"https:\\\/\\\/www.bamacgroup.com\\\/de\\\/?s={search_term_string}\"},\"query-input\":{\"@type\":\"PropertyValueSpecification\",\"valueRequired\":true,\"valueName\":\"search_term_string\"}}],\"inLanguage\":\"de\"},{\"@type\":\"Organization\",\"@id\":\"https:\\\/\\\/www.bamacgroup.com\\\/de\\\/#organization\",\"name\":\"BAMAC Group GmbH\",\"url\":\"https:\\\/\\\/www.bamacgroup.com\\\/de\\\/\",\"logo\":{\"@type\":\"ImageObject\",\"inLanguage\":\"de\",\"@id\":\"https:\\\/\\\/www.bamacgroup.com\\\/de\\\/#\\\/schema\\\/logo\\\/image\\\/\",\"url\":\"https:\\\/\\\/www.bamacgroup.com\\\/wp-content\\\/uploads\\\/Logo_LinkedIn_RGB.png\",\"contentUrl\":\"https:\\\/\\\/www.bamacgroup.com\\\/wp-content\\\/uploads\\\/Logo_LinkedIn_RGB.png\",\"width\":300,\"height\":300,\"caption\":\"BAMAC Group GmbH\"},\"image\":{\"@id\":\"https:\\\/\\\/www.bamacgroup.com\\\/de\\\/#\\\/schema\\\/logo\\\/image\\\/\"},\"sameAs\":[\"https:\\\/\\\/www.facebook.com\\\/BAMACGroupGmbh\",\"https:\\\/\\\/www.linkedin.com\\\/company\\\/bamac-group\\\/\",\"https:\\\/\\\/www.instagram.com\\\/bamacgroup\\\/\",\"https:\\\/\\\/www.xing.com\\\/pages\\\/bamac-group-gmbh\"],\"description\":\"Die BAMAC Group liefert als Beratungsunternehmen seit mehr als 27 Jahren verl\u00e4ssliche Antworten auf die Frage nach dem Wertbeitrag von Informationstechnologie. Mit der Idee, Leistungen in der Software-Entwicklung messbar und unter wirtschaftlichen Randbedingungen transparent zu machen, startete J\u00fcrgen W. Bach im Jahr 1995 seine Unternehmung als Freiberufler, die er nach ersten erfolgreichen Jahren im Jahr 2004 in eine GmbH \u00fcberf\u00fchrte. Heute, \u00fcber 25 Jahre sp\u00e4ter, bietet die BAMAC Group, gegliedert in sieben Business Units unter einem Dach, Leistungen zur Steigerung des Wertbeitrags an.\u202f\u202f\",\"email\":\"info@bamacgroup.com\",\"telephone\":\"+49 (0) 40 60 7733 950\",\"legalName\":\"BAMAC Group GmbH\",\"vatID\":\"DE 234 747 277\",\"numberOfEmployees\":{\"@type\":\"QuantitativeValue\",\"minValue\":\"11\",\"maxValue\":\"50\"}}]}<\/script>\n<!-- \/ Yoast SEO Premium plugin. -->","yoast_head_json":{"title":"BAMAC Webinare: Wissen tanken f\u00fcr die digitale Zukunft - BAMAC Group | IT Value Growth","description":"Bereiten Sie sich auf die digitale Zukunft vor mit unseren Webinaren zu IT Strategie, Digitaler Transformation und anderen Themen.","robots":{"index":"index","follow":"follow","max-snippet":"max-snippet:-1","max-image-preview":"max-image-preview:large","max-video-preview":"max-video-preview:-1"},"canonical":"https:\/\/www.bamacgroup.com\/de\/webinare\/","og_locale":"de_DE","og_type":"article","og_title":"BAMAC Webinare: Wissen tanken f\u00fcr die digitale Zukunft","og_description":"Bereiten Sie sich auf die digitale Zukunft vor mit unseren Webinaren zu IT Strategie, Digitaler Transformation und anderen Themen.","og_url":"https:\/\/www.bamacgroup.com\/de\/webinare\/","og_site_name":"BAMAC Group | IT Value Growth","article_publisher":"https:\/\/www.facebook.com\/BAMACGroupGmbh","article_modified_time":"2025-04-29T12:44:42+00:00","og_image":[{"width":1500,"height":1000,"url":"https:\/\/www.bamacgroup.com\/wp-content\/uploads\/BAMAC-banken-finanzen-meeting-2.jpg","type":"image\/jpeg"}],"twitter_card":"summary_large_image","schema":{"@context":"https:\/\/schema.org","@graph":[{"@type":"WebPage","@id":"https:\/\/www.bamacgroup.com\/de\/webinare\/","url":"https:\/\/www.bamacgroup.com\/de\/webinare\/","name":"BAMAC Webinare: Wissen tanken f\u00fcr die digitale Zukunft - BAMAC Group | IT Value Growth","isPartOf":{"@id":"https:\/\/www.bamacgroup.com\/de\/#website"},"primaryImageOfPage":{"@id":"https:\/\/www.bamacgroup.com\/de\/webinare\/#primaryimage"},"image":{"@id":"https:\/\/www.bamacgroup.com\/de\/webinare\/#primaryimage"},"thumbnailUrl":"https:\/\/www.bamacgroup.com\/wp-content\/uploads\/BAMAC-banken-finanzen-meeting-2.jpg","datePublished":"2024-12-18T10:39:53+00:00","dateModified":"2025-04-29T12:44:42+00:00","description":"Bereiten Sie sich auf die digitale Zukunft vor mit unseren Webinaren zu IT Strategie, Digitaler Transformation und anderen Themen.","breadcrumb":{"@id":"https:\/\/www.bamacgroup.com\/de\/webinare\/#breadcrumb"},"inLanguage":"de","potentialAction":[{"@type":"ReadAction","target":["https:\/\/www.bamacgroup.com\/de\/webinare\/"]}]},{"@type":"ImageObject","inLanguage":"de","@id":"https:\/\/www.bamacgroup.com\/de\/webinare\/#primaryimage","url":"https:\/\/www.bamacgroup.com\/wp-content\/uploads\/BAMAC-banken-finanzen-meeting-2.jpg","contentUrl":"https:\/\/www.bamacgroup.com\/wp-content\/uploads\/BAMAC-banken-finanzen-meeting-2.jpg","width":1500,"height":1000,"caption":"Eine Frau h\u00e4lt einen Vortrag vor einem gro\u00dfen Bildschirm. Auf dem Bildschirm werden verschiedene Balkendiagramme angezeigt. EIne Person aus den Zuh\u00f6rern hebt die Hand um eine Frage zu stellen."},{"@type":"BreadcrumbList","@id":"https:\/\/www.bamacgroup.com\/de\/webinare\/#breadcrumb","itemListElement":[{"@type":"ListItem","position":1,"name":"Startseite","item":"https:\/\/www.bamacgroup.com\/de\/"},{"@type":"ListItem","position":2,"name":"BAMAC Webinare: Wissen tanken f\u00fcr die digitale Zukunft"}]},{"@type":"WebSite","@id":"https:\/\/www.bamacgroup.com\/de\/#website","url":"https:\/\/www.bamacgroup.com\/de\/","name":"BAMAC Group | IT Value Growth","description":"Ihr Management- und Technologieberater auf dem Weg zur digitalen Exzellenz!","publisher":{"@id":"https:\/\/www.bamacgroup.com\/de\/#organization"},"alternateName":"BAMAC","potentialAction":[{"@type":"SearchAction","target":{"@type":"EntryPoint","urlTemplate":"https:\/\/www.bamacgroup.com\/de\/?s={search_term_string}"},"query-input":{"@type":"PropertyValueSpecification","valueRequired":true,"valueName":"search_term_string"}}],"inLanguage":"de"},{"@type":"Organization","@id":"https:\/\/www.bamacgroup.com\/de\/#organization","name":"BAMAC Group GmbH","url":"https:\/\/www.bamacgroup.com\/de\/","logo":{"@type":"ImageObject","inLanguage":"de","@id":"https:\/\/www.bamacgroup.com\/de\/#\/schema\/logo\/image\/","url":"https:\/\/www.bamacgroup.com\/wp-content\/uploads\/Logo_LinkedIn_RGB.png","contentUrl":"https:\/\/www.bamacgroup.com\/wp-content\/uploads\/Logo_LinkedIn_RGB.png","width":300,"height":300,"caption":"BAMAC Group GmbH"},"image":{"@id":"https:\/\/www.bamacgroup.com\/de\/#\/schema\/logo\/image\/"},"sameAs":["https:\/\/www.facebook.com\/BAMACGroupGmbh","https:\/\/www.linkedin.com\/company\/bamac-group\/","https:\/\/www.instagram.com\/bamacgroup\/","https:\/\/www.xing.com\/pages\/bamac-group-gmbh"],"description":"Die BAMAC Group liefert als Beratungsunternehmen seit mehr als 27 Jahren verl\u00e4ssliche Antworten auf die Frage nach dem Wertbeitrag von Informationstechnologie. Mit der Idee, Leistungen in der Software-Entwicklung messbar und unter wirtschaftlichen Randbedingungen transparent zu machen, startete J\u00fcrgen W. Bach im Jahr 1995 seine Unternehmung als Freiberufler, die er nach ersten erfolgreichen Jahren im Jahr 2004 in eine GmbH \u00fcberf\u00fchrte. Heute, \u00fcber 25 Jahre sp\u00e4ter, bietet die BAMAC Group, gegliedert in sieben Business Units unter einem Dach, Leistungen zur Steigerung des Wertbeitrags an.\u202f\u202f","email":"info@bamacgroup.com","telephone":"+49 (0) 40 60 7733 950","legalName":"BAMAC Group GmbH","vatID":"DE 234 747 277","numberOfEmployees":{"@type":"QuantitativeValue","minValue":"11","maxValue":"50"}}]}},"_links":{"self":[{"href":"https:\/\/www.bamacgroup.com\/de\/wp-json\/wp\/v2\/pages\/8391","targetHints":{"allow":["GET"]}}],"collection":[{"href":"https:\/\/www.bamacgroup.com\/de\/wp-json\/wp\/v2\/pages"}],"about":[{"href":"https:\/\/www.bamacgroup.com\/de\/wp-json\/wp\/v2\/types\/page"}],"author":[{"embeddable":true,"href":"https:\/\/www.bamacgroup.com\/de\/wp-json\/wp\/v2\/users\/12"}],"replies":[{"embeddable":true,"href":"https:\/\/www.bamacgroup.com\/de\/wp-json\/wp\/v2\/comments?post=8391"}],"version-history":[{"count":10,"href":"https:\/\/www.bamacgroup.com\/de\/wp-json\/wp\/v2\/pages\/8391\/revisions"}],"predecessor-version":[{"id":9696,"href":"https:\/\/www.bamacgroup.com\/de\/wp-json\/wp\/v2\/pages\/8391\/revisions\/9696"}],"wp:featuredmedia":[{"embeddable":true,"href":"https:\/\/www.bamacgroup.com\/de\/wp-json\/wp\/v2\/media\/8298"}],"wp:attachment":[{"href":"https:\/\/www.bamacgroup.com\/de\/wp-json\/wp\/v2\/media?parent=8391"}],"wp:term":[{"taxonomy":"post_tag","embeddable":true,"href":"https:\/\/www.bamacgroup.com\/de\/wp-json\/wp\/v2\/tags?post=8391"}],"curies":[{"name":"wp","href":"https:\/\/api.w.org\/{rel}","templated":true}]}}